{"id":24,"date":"2017-10-04T14:22:15","date_gmt":"2017-10-04T11:22:15","guid":{"rendered":"https:\/\/meripelastusvanha.mobiesmart.fi\/koulutus\/?page_id=24"},"modified":"2020-11-03T15:48:39","modified_gmt":"2020-11-03T13:48:39","slug":"front-page","status":"publish","type":"page","link":"https:\/\/meripelastusvanha.mobiesmart.fi\/koulutus\/","title":{"rendered":"Tervetuloa Suomen Meripelastusseuran oppimisymp\u00e4rist\u00f6\u00f6n"},"content":{"rendered":"<h1><a href=\"https:\/\/meripelastusvanha.mobiesmart.fi\/koulutus\/veneilytaito\/\">K\u00e4y sis\u00e4\u00e4n meripelastusvanha.mobiesmart.fi -verkkokursseille<\/a><\/h1>\n<h1><a href=\"https:\/\/meripelastusvanha.mobiesmart.fi\/koulutus\/veneilytaito\/\"><img loading=\"lazy\" decoding=\"async\" class=\"alignnone size-full wp-image-20677\" src=\"https:\/\/meripelastusvanha.mobiesmart.fi\/koulutus\/wp-content\/uploads\/sites\/2\/2020\/02\/Sis\u00e4\u00e4n.png\" alt=\"\" width=\"161\" height=\"80\" srcset=\"https:\/\/meripelastusvanha.mobiesmart.fi\/koulutus\/wp-content\/uploads\/sites\/2\/2020\/02\/Sis\u00e4\u00e4n.png 161w, https:\/\/meripelastusvanha.mobiesmart.fi\/koulutus\/wp-content\/uploads\/sites\/2\/2020\/02\/Sis\u00e4\u00e4n-100x50.png 100w\" sizes=\"(max-width: 161px) 100vw, 161px\" \/><\/a><\/h1>\n<p><iframe loading=\"lazy\" title=\"Hyv\u00e4 merimiestapa - kuusi faktaa turvallisuudesta vesill\u00e4\" width=\"625\" height=\"352\" src=\"https:\/\/www.youtube.com\/embed\/oEIpjx0sxKs?feature=oembed\" frameborder=\"0\" allow=\"accelerometer; autoplay; clipboard-write; encrypted-media; gyroscope; picture-in-picture; web-share\" allowfullscreen><\/iframe><\/p>\n<p>&nbsp;<\/p>\n","protected":false},"excerpt":{"rendered":"<p>K\u00e4y sis\u00e4\u00e4n meripelastusvanha.mobiesmart.fi -verkkokursseille &nbsp;<\/p>\n","protected":false},"author":1,"featured_media":0,"parent":0,"menu_order":0,"comment_status":"closed","ping_status":"closed","template":"","meta":{"_bbp_topic_count":0,"_bbp_reply_count":0,"_bbp_total_topic_count":0,"_bbp_total_reply_count":0,"_bbp_voice_count":0,"_bbp_anonymous_reply_count":0,"_bbp_topic_count_hidden":0,"_bbp_reply_count_hidden":0,"_bbp_forum_subforum_count":0,"footnotes":""},"_links":{"self":[{"href":"https:\/\/meripelastusvanha.mobiesmart.fi\/koulutus\/wp-json\/wp\/v2\/pages\/24"}],"collection":[{"href":"https:\/\/meripelastusvanha.mobiesmart.fi\/koulutus\/wp-json\/wp\/v2\/pages"}],"about":[{"href":"https:\/\/meripelastusvanha.mobiesmart.fi\/koulutus\/wp-json\/wp\/v2\/types\/page"}],"author":[{"embeddable":true,"href":"https:\/\/meripelastusvanha.mobiesmart.fi\/koulutus\/wp-json\/wp\/v2\/users\/1"}],"replies":[{"embeddable":true,"href":"https:\/\/meripelastusvanha.mobiesmart.fi\/koulutus\/wp-json\/wp\/v2\/comments?post=24"}],"version-history":[{"count":38,"href":"https:\/\/meripelastusvanha.mobiesmart.fi\/koulutus\/wp-json\/wp\/v2\/pages\/24\/revisions"}],"predecessor-version":[{"id":21170,"href":"https:\/\/meripelastusvanha.mobiesmart.fi\/koulutus\/wp-json\/wp\/v2\/pages\/24\/revisions\/21170"}],"wp:attachment":[{"href":"https:\/\/meripelastusvanha.mobiesmart.fi\/koulutus\/wp-json\/wp\/v2\/media?parent=24"}],"curies":[{"name":"wp","href":"https:\/\/api.w.org\/{rel}","templated":true}]}}